{"id":1038,"date":"2021-08-11T10:36:11","date_gmt":"2021-08-11T10:36:11","guid":{"rendered":"https:\/\/greenunitedpharma.com\/uvodni-stranka\/"},"modified":"2021-08-11T10:36:31","modified_gmt":"2021-08-11T10:36:31","slug":"uvodni-stranka","status":"publish","type":"page","link":"https:\/\/greenunitedpharma.com\/cs\/","title":{"rendered":"\u00daVODN\u00cd STR\u00c1NKA"},"content":{"rendered":"<p>[et_pb_section fb_built=&#8220;1&#8243; prev_background_color=&#8220;#ffffff&#8220; next_background_color=&#8220;#ffffff&#8220; _builder_version=&#8220;3.27.4&#8243; background_image=&#8220;https:\/\/greenunitedpharma.com\/wp-content\/uploads\/2021\/07\/frame-1024&#215;435.jpeg&#8220; background_video_mp4=&#8220;https:\/\/greenunitedpharma.com\/wp-content\/uploads\/2021\/07\/gif2.mp4&#8243; top_divider_style=&#8220;slant2&#8243; top_divider_height=&#8220;40px&#8220; bottom_divider_style=&#8220;slant2&#8243; bottom_divider_height=&#8220;56px&#8220; z_index_tablet=&#8220;500&#8243; box_shadow_horizontal_tablet=&#8220;0px&#8220; box_shadow_vertical_tablet=&#8220;0px&#8220; box_shadow_blur_tablet=&#8220;40px&#8220; box_shadow_spread_tablet=&#8220;0px&#8220;][et_pb_row _builder_version=&#8220;3.27.4&#8243; background_color=&#8220;rgba(91,133,0,0.4)&#8220; border_radii=&#8220;on|10px|10px|10px|10px&#8220; border_width_all=&#8220;1px&#8220; border_color_all=&#8220;#000000&#8243;][et_pb_column type=&#8220;4_4&#8243; _builder_version=&#8220;3.27.4&#8243;][et_pb_text _builder_version=&#8220;3.27.4&#8243;]<\/p>\n<h4 style=\"text-align: center;\"><span style=\"color: #ffffff; font-size: large;\"><strong>V Green United Pharma se specializujeme na poskytov\u00e1n\u00ed komplexn\u00edho<\/strong><\/span><\/h4>\n<h4 style=\"text-align: center;\"><span style=\"color: #ffffff; font-size: large;\"><strong> pokryt\u00ed v\u0161em obchodn\u00edm lini\u00edm v pr\u016fmyslu l\u00e9ka\u0159sk\u00e9ho konop\u00ed.<\/strong><\/span><\/h4>\n<p>[\/et_pb_text][\/et_pb_column][\/et_pb_row][et_pb_row _builder_version=&#8220;3.25&#8243; background_size=&#8220;initial&#8220; background_position=&#8220;top_left&#8220; background_repeat=&#8220;repeat&#8220;][et_pb_column type=&#8220;4_4&#8243; _builder_version=&#8220;3.25&#8243; custom_padding=&#8220;|||&#8220; custom_padding__hover=&#8220;|||&#8220;][et_pb_text _builder_version=&#8220;4.9.10&#8243; background_size=&#8220;initial&#8220; background_position=&#8220;top_left&#8220; background_repeat=&#8220;repeat&#8220; hover_enabled=&#8220;0&#8243; z_index_tablet=&#8220;500&#8243; text_text_shadow_horizontal_length_tablet=&#8220;0px&#8220; text_text_shadow_vertical_length_tablet=&#8220;0px&#8220; text_text_shadow_blur_strength_tablet=&#8220;1px&#8220; link_text_shadow_horizontal_length_tablet=&#8220;0px&#8220; link_text_shadow_vertical_length_tablet=&#8220;0px&#8220; link_text_shadow_blur_strength_tablet=&#8220;1px&#8220; ul_text_shadow_horizontal_length_tablet=&#8220;0px&#8220; ul_text_shadow_vertical_length_tablet=&#8220;0px&#8220; ul_text_shadow_blur_strength_tablet=&#8220;1px&#8220; ol_text_shadow_horizontal_length_tablet=&#8220;0px&#8220; ol_text_shadow_vertical_length_tablet=&#8220;0px&#8220; ol_text_shadow_blur_strength_tablet=&#8220;1px&#8220; quote_text_shadow_horizontal_length_tablet=&#8220;0px&#8220; quote_text_shadow_vertical_length_tablet=&#8220;0px&#8220; quote_text_shadow_blur_strength_tablet=&#8220;1px&#8220; header_text_shadow_horizontal_length_tablet=&#8220;0px&#8220; header_text_shadow_vertical_length_tablet=&#8220;0px&#8220; header_text_shadow_blur_strength_tablet=&#8220;1px&#8220; header_2_text_shadow_horizontal_length_tablet=&#8220;0px&#8220; header_2_text_shadow_vertical_length_tablet=&#8220;0px&#8220; header_2_text_shadow_blur_strength_tablet=&#8220;1px&#8220; header_3_text_shadow_horizontal_length_tablet=&#8220;0px&#8220; header_3_text_shadow_vertical_length_tablet=&#8220;0px&#8220; header_3_text_shadow_blur_strength_tablet=&#8220;1px&#8220; header_4_text_shadow_horizontal_length_tablet=&#8220;0px&#8220; header_4_text_shadow_vertical_length_tablet=&#8220;0px&#8220; header_4_text_shadow_blur_strength_tablet=&#8220;1px&#8220; header_5_text_shadow_horizontal_length_tablet=&#8220;0px&#8220; header_5_text_shadow_vertical_length_tablet=&#8220;0px&#8220; header_5_text_shadow_blur_strength_tablet=&#8220;1px&#8220; header_6_text_shadow_horizontal_length_tablet=&#8220;0px&#8220; header_6_text_shadow_vertical_length_tablet=&#8220;0px&#8220; header_6_text_shadow_blur_strength_tablet=&#8220;1px&#8220; box_shadow_horizontal_tablet=&#8220;0px&#8220; box_shadow_vertical_tablet=&#8220;0px&#8220; box_shadow_blur_tablet=&#8220;40px&#8220; box_shadow_spread_tablet=&#8220;0px&#8220; sticky_enabled=&#8220;0&#8243;]<\/p>\n<div style=\"width: 1080px;\" class=\"wp-video\"><video class=\"wp-video-shortcode\" id=\"video-1038-1\" width=\"1080\" height=\"450\" preload=\"metadata\" controls=\"controls\"><source type=\"video\/mp4\" src=\"https:\/\/greenunitedpharma.com\/wp-content\/uploads\/2021\/08\/GUPWEB.mp4?_=1\" \/><a href=\"https:\/\/greenunitedpharma.com\/wp-content\/uploads\/2021\/08\/GUPWEB.mp4\">https:\/\/greenunitedpharma.com\/wp-content\/uploads\/2021\/08\/GUPWEB.mp4<\/a><\/video><\/div>\n<p>[\/et_pb_text][\/et_pb_column][\/et_pb_row][\/et_pb_section][et_pb_section fb_built=&#8220;1&#8243; prev_background_color=&#8220;#ffffff&#8220; next_background_color=&#8220;#ffffff&#8220; _builder_version=&#8220;3.27.4&#8243; background_image=&#8220;https:\/\/greenunitedpharma.com\/wp-content\/uploads\/2021\/07\/frame-1024&#215;435.jpeg&#8220; background_video_mp4=&#8220;https:\/\/greenunitedpharma.com\/wp-content\/uploads\/2021\/07\/gif1.mp4&#8243; top_divider_style=&#8220;slant2&#8243; top_divider_height=&#8220;40px&#8220; bottom_divider_style=&#8220;slant2&#8243; bottom_divider_height=&#8220;56px&#8220; z_index_tablet=&#8220;500&#8243; box_shadow_horizontal_tablet=&#8220;0px&#8220; box_shadow_vertical_tablet=&#8220;0px&#8220; box_shadow_blur_tablet=&#8220;40px&#8220; box_shadow_spread_tablet=&#8220;0px&#8220;][et_pb_row _builder_version=&#8220;3.27.4&#8243; background_color=&#8220;rgba(91,133,0,0.4)&#8220; border_radii=&#8220;on|10px|10px|10px|10px&#8220; border_width_all=&#8220;1px&#8220; border_color_all=&#8220;#000000&#8243;][et_pb_column type=&#8220;4_4&#8243; _builder_version=&#8220;3.27.4&#8243;][et_pb_text _builder_version=&#8220;3.27.4&#8243;]<\/p>\n<h4 style=\"text-align: center;\"><span style=\"color: #ffffff;\"><strong>M\u00e1me zastoupen\u00ed na t\u0159ech kontinentech a v osmi zem\u00edch s glob\u00e1ln\u00ed s\u00edt\u00ed spole\u010dnost\u00ed, <br \/>kter\u00e9 zahrnuj\u00ed p\u011bstov\u00e1n\u00ed, extrakci kanabinoid\u016f, <br \/>v\u00fdrobu kosmetick\u00fdch produkt\u016f a nutraceutik, stejn\u011b jako jejich distribuce.<\/strong><\/span><\/h4>\n<p>[\/et_pb_text][\/et_pb_column][\/et_pb_row][et_pb_row _builder_version=&#8220;3.27.4&#8243;][et_pb_column type=&#8220;4_4&#8243; _builder_version=&#8220;3.27.4&#8243;][et_pb_image src=&#8220;https:\/\/greenunitedpharma.com\/wp-content\/uploads\/2021\/07\/mapa-mano.jpg&#8220; _builder_version=&#8220;3.27.4&#8243; box_shadow_style=&#8220;preset2&#8243;][\/et_pb_image][\/et_pb_column][\/et_pb_row][\/et_pb_section]<\/p>\n","protected":false},"excerpt":{"rendered":"<p>V Green United Pharma se specializujeme na poskytov\u00e1n\u00ed komplexn\u00edho pokryt\u00ed v\u0161em obchodn\u00edm lini\u00edm v pr\u016fmyslu l\u00e9ka\u0159sk\u00e9ho konop\u00ed. <div style=\"width: 1080px;\" class=\"wp-video\"><video class=\"wp-video-shortcode\" id=\"video-1038-2\" width=\"1080\" height=\"450\" preload=\"metadata\" controls=\"controls\"><source type=\"video\/mp4\" src=\"https:\/\/greenunitedpharma.com\/wp-content\/uploads\/2021\/08\/GUPWEB.mp4?_=2\" \/><a href=\"https:\/\/greenunitedpharma.com\/wp-content\/uploads\/2021\/08\/GUPWEB.mp4\">https:\/\/greenunitedpharma.com\/wp-content\/uploads\/2021\/08\/GUPWEB.mp4<\/a><\/video><\/div>M\u00e1me zastoupen\u00ed na t\u0159ech kontinentech a v osmi zem\u00edch s glob\u00e1ln\u00ed s\u00edt\u00ed spole\u010dnost\u00ed, kter\u00e9 zahrnuj\u00ed p\u011bstov\u00e1n\u00ed, extrakci kanabinoid\u016f, v\u00fdrobu kosmetick\u00fdch produkt\u016f a nutraceutik, stejn\u011b jako jejich distribuce.<\/p>\n","protected":false},"author":1,"featured_media":0,"parent":0,"menu_order":0,"comment_status":"closed","ping_status":"closed","template":"","meta":{"_et_pb_use_builder":"on","_et_pb_old_content":"","_et_gb_content_width":"","footnotes":""},"class_list":["post-1038","page","type-page","status-publish","hentry"],"yoast_head":"<!-- This site is optimized with the Yoast SEO plugin v27.0 - https:\/\/yoast.com\/product\/yoast-seo-wordpress\/ -->\n<title>Green United Pharma<\/title>\n<meta name=\"description\" content=\"V Green United Pharma se specializujeme na poskytov\u00e1n\u00ed komplexn\u00edho pokryt\u00ed v\u0161em obchodn\u00edm lini\u00edm v pr\u016fmyslu l\u00e9ka\u0159sk\u00e9ho konop\u00ed.\" \/>\n<meta name=\"robots\" content=\"index, follow, max-snippet:-1, max-image-preview:large, max-video-preview:-1\" \/>\n<link rel=\"canonical\" href=\"https:\/\/greenunitedpharma.com\/cs\/\" \/>\n<meta property=\"og:locale\" content=\"cs_CZ\" \/>\n<meta property=\"og:type\" content=\"article\" \/>\n<meta property=\"og:title\" content=\"Green United Pharma\" \/>\n<meta property=\"og:description\" content=\"V Green United Pharma se specializujeme na poskytov\u00e1n\u00ed komplexn\u00edho pokryt\u00ed v\u0161em obchodn\u00edm lini\u00edm v pr\u016fmyslu l\u00e9ka\u0159sk\u00e9ho konop\u00ed.\" \/>\n<meta property=\"og:url\" content=\"https:\/\/greenunitedpharma.com\/cs\/\" \/>\n<meta property=\"og:site_name\" content=\"Green United Pharma\" \/>\n<meta property=\"article:modified_time\" content=\"2021-08-11T10:36:31+00:00\" \/>\n<meta name=\"twitter:card\" content=\"summary_large_image\" \/>\n<meta name=\"twitter:label1\" content=\"Odhadovan\u00e1 doba \u010dten\u00ed\" \/>\n\t<meta name=\"twitter:data1\" content=\"3 minuty\" \/>\n<script type=\"application\/ld+json\" class=\"yoast-schema-graph\">{\"@context\":\"https:\/\/schema.org\",\"@graph\":[{\"@type\":\"WebPage\",\"@id\":\"https:\/\/greenunitedpharma.com\/cs\/\",\"url\":\"https:\/\/greenunitedpharma.com\/cs\/\",\"name\":\"Green United Pharma\",\"isPartOf\":{\"@id\":\"https:\/\/greenunitedpharma.com\/cs\/#website\"},\"datePublished\":\"2021-08-11T10:36:11+00:00\",\"dateModified\":\"2021-08-11T10:36:31+00:00\",\"description\":\"V Green United Pharma se specializujeme na poskytov\u00e1n\u00ed komplexn\u00edho pokryt\u00ed v\u0161em obchodn\u00edm lini\u00edm v pr\u016fmyslu l\u00e9ka\u0159sk\u00e9ho konop\u00ed.\",\"breadcrumb\":{\"@id\":\"https:\/\/greenunitedpharma.com\/cs\/#breadcrumb\"},\"inLanguage\":\"cs\",\"potentialAction\":[{\"@type\":\"ReadAction\",\"target\":[\"https:\/\/greenunitedpharma.com\/cs\/\"]}]},{\"@type\":\"BreadcrumbList\",\"@id\":\"https:\/\/greenunitedpharma.com\/cs\/#breadcrumb\",\"itemListElement\":[{\"@type\":\"ListItem\",\"position\":1,\"name\":\"Portada\",\"item\":\"https:\/\/greenunitedpharma.com\/cs\/\"},{\"@type\":\"ListItem\",\"position\":2,\"name\":\"\u00daVODN\u00cd STR\u00c1NKA\"}]},{\"@type\":\"WebSite\",\"@id\":\"https:\/\/greenunitedpharma.com\/cs\/#website\",\"url\":\"https:\/\/greenunitedpharma.com\/cs\/\",\"name\":\"Green United Pharma\",\"description\":\"\",\"potentialAction\":[{\"@type\":\"SearchAction\",\"target\":{\"@type\":\"EntryPoint\",\"urlTemplate\":\"https:\/\/greenunitedpharma.com\/cs\/?s={search_term_string}\"},\"query-input\":{\"@type\":\"PropertyValueSpecification\",\"valueRequired\":true,\"valueName\":\"search_term_string\"}}],\"inLanguage\":\"cs\"}]}<\/script>\n<!-- \/ Yoast SEO plugin. -->","yoast_head_json":{"title":"Green United Pharma","description":"V Green United Pharma se specializujeme na poskytov\u00e1n\u00ed komplexn\u00edho pokryt\u00ed v\u0161em obchodn\u00edm lini\u00edm v pr\u016fmyslu l\u00e9ka\u0159sk\u00e9ho konop\u00ed.","robots":{"index":"index","follow":"follow","max-snippet":"max-snippet:-1","max-image-preview":"max-image-preview:large","max-video-preview":"max-video-preview:-1"},"canonical":"https:\/\/greenunitedpharma.com\/cs\/","og_locale":"cs_CZ","og_type":"article","og_title":"Green United Pharma","og_description":"V Green United Pharma se specializujeme na poskytov\u00e1n\u00ed komplexn\u00edho pokryt\u00ed v\u0161em obchodn\u00edm lini\u00edm v pr\u016fmyslu l\u00e9ka\u0159sk\u00e9ho konop\u00ed.","og_url":"https:\/\/greenunitedpharma.com\/cs\/","og_site_name":"Green United Pharma","article_modified_time":"2021-08-11T10:36:31+00:00","twitter_card":"summary_large_image","twitter_misc":{"Odhadovan\u00e1 doba \u010dten\u00ed":"3 minuty"},"schema":{"@context":"https:\/\/schema.org","@graph":[{"@type":"WebPage","@id":"https:\/\/greenunitedpharma.com\/cs\/","url":"https:\/\/greenunitedpharma.com\/cs\/","name":"Green United Pharma","isPartOf":{"@id":"https:\/\/greenunitedpharma.com\/cs\/#website"},"datePublished":"2021-08-11T10:36:11+00:00","dateModified":"2021-08-11T10:36:31+00:00","description":"V Green United Pharma se specializujeme na poskytov\u00e1n\u00ed komplexn\u00edho pokryt\u00ed v\u0161em obchodn\u00edm lini\u00edm v pr\u016fmyslu l\u00e9ka\u0159sk\u00e9ho konop\u00ed.","breadcrumb":{"@id":"https:\/\/greenunitedpharma.com\/cs\/#breadcrumb"},"inLanguage":"cs","potentialAction":[{"@type":"ReadAction","target":["https:\/\/greenunitedpharma.com\/cs\/"]}]},{"@type":"BreadcrumbList","@id":"https:\/\/greenunitedpharma.com\/cs\/#breadcrumb","itemListElement":[{"@type":"ListItem","position":1,"name":"Portada","item":"https:\/\/greenunitedpharma.com\/cs\/"},{"@type":"ListItem","position":2,"name":"\u00daVODN\u00cd STR\u00c1NKA"}]},{"@type":"WebSite","@id":"https:\/\/greenunitedpharma.com\/cs\/#website","url":"https:\/\/greenunitedpharma.com\/cs\/","name":"Green United Pharma","description":"","potentialAction":[{"@type":"SearchAction","target":{"@type":"EntryPoint","urlTemplate":"https:\/\/greenunitedpharma.com\/cs\/?s={search_term_string}"},"query-input":{"@type":"PropertyValueSpecification","valueRequired":true,"valueName":"search_term_string"}}],"inLanguage":"cs"}]}},"_links":{"self":[{"href":"https:\/\/greenunitedpharma.com\/cs\/wp-json\/wp\/v2\/pages\/1038","targetHints":{"allow":["GET"]}}],"collection":[{"href":"https:\/\/greenunitedpharma.com\/cs\/wp-json\/wp\/v2\/pages"}],"about":[{"href":"https:\/\/greenunitedpharma.com\/cs\/wp-json\/wp\/v2\/types\/page"}],"author":[{"embeddable":true,"href":"https:\/\/greenunitedpharma.com\/cs\/wp-json\/wp\/v2\/users\/1"}],"replies":[{"embeddable":true,"href":"https:\/\/greenunitedpharma.com\/cs\/wp-json\/wp\/v2\/comments?post=1038"}],"version-history":[{"count":4,"href":"https:\/\/greenunitedpharma.com\/cs\/wp-json\/wp\/v2\/pages\/1038\/revisions"}],"predecessor-version":[{"id":1051,"href":"https:\/\/greenunitedpharma.com\/cs\/wp-json\/wp\/v2\/pages\/1038\/revisions\/1051"}],"wp:attachment":[{"href":"https:\/\/greenunitedpharma.com\/cs\/wp-json\/wp\/v2\/media?parent=1038"}],"curies":[{"name":"wp","href":"https:\/\/api.w.org\/{rel}","templated":true}]}}