{"id":1080,"date":"2021-08-18T12:40:41","date_gmt":"2021-08-18T12:40:41","guid":{"rendered":"https:\/\/greenunitedpharma.com\/quem-somos\/"},"modified":"2021-08-18T12:41:05","modified_gmt":"2021-08-18T12:41:05","slug":"quem-somos","status":"publish","type":"page","link":"https:\/\/greenunitedpharma.com\/pt-br\/quem-somos\/","title":{"rendered":"Quem somos"},"content":{"rendered":"<p>[et_pb_section fb_built=&#8221;1&#8243; _builder_version=&#8221;3.27.4&#8243; background_enable_image=&#8221;off&#8221;][et_pb_row _builder_version=&#8221;4.9.10&#8243; _module_preset=&#8221;default&#8221;][et_pb_column _builder_version=&#8221;4.9.10&#8243; _module_preset=&#8221;default&#8221; type=&#8221;4_4&#8243;][et_pb_slider _builder_version=&#8221;4.9.10&#8243; _module_preset=&#8221;default&#8221; hover_enabled=&#8221;0&#8243; sticky_enabled=&#8221;0&#8243; background_color=&#8221;#3E633D&#8221;][et_pb_slide heading=&#8221;Miss\u00e3o&#8221; _builder_version=&#8221;4.9.10&#8243; _module_preset=&#8221;default&#8221; hover_enabled=&#8221;0&#8243; sticky_enabled=&#8221;0&#8243;]<\/p>\n<p>Uma organiza\u00e7\u00e3o de pessoas que trabalha para gerar valor e melhorar a qualidade de vida<br \/>de pessoas atrav\u00e9s da produ\u00e7\u00e3o sustent\u00e1vel e sustent\u00e1vel de cannabis medicinal,<br \/>gerando tamb\u00e9m satisfa\u00e7\u00e3o para toda a sociedade.<\/p>\n<p>[\/et_pb_slide][et_pb_slide heading=&#8221;Vis\u00e3o&#8221; _builder_version=&#8221;4.9.10&#8243; _module_preset=&#8221;default&#8221; hover_enabled=&#8221;0&#8243; sticky_enabled=&#8221;0&#8243;]<\/p>\n<p>Atrav\u00e9s do desenvolvimento de projetos de pesquisa e inova\u00e7\u00e3o que nos permitem oferecer novos<br \/>produtos e garantir a rastreabilidade total da cadeia de valor, nosso objetivo \u00e9<br \/>cria\u00e7\u00e3o de uma estrutura segura para o cultivo e comercializa\u00e7\u00e3o de produtos, servindo como refer\u00eancia<br \/>aos pa\u00edses que integram o mercado de cannabis, de acordo com os nossos valores.<\/p>\n<p>[\/et_pb_slide][et_pb_slide heading=&#8221;Valores&#8221; _builder_version=&#8221;4.9.10&#8243; _module_preset=&#8221;default&#8221; hover_enabled=&#8221;0&#8243; sticky_enabled=&#8221;0&#8243;]<\/p>\n<p>Responsabilidade Social: Respeito e valoriza\u00e7\u00e3o do ser humano, educando e sensibilizando para o <br \/>cannabis medicinal, compartilhando conhecimento para contribuir com o desenvolvimento social.<\/p>\n<p>[\/et_pb_slide][et_pb_slide heading=&#8221;Capital pr\u00f3prio&#8221; _builder_version=&#8221;4.9.10&#8243; _module_preset=&#8221;default&#8221; hover_enabled=&#8221;0&#8243; sticky_enabled=&#8221;0&#8243;]<\/p>\n<p>Prestamos servi\u00e7os aos nossos clientes atendendo \u00e0s suas necessidades e caracter\u00edsticas.<\/p>\n<p>[\/et_pb_slide][et_pb_slide heading=&#8221;Qualidade&#8221; _builder_version=&#8221;4.9.10&#8243; _module_preset=&#8221;default&#8221; hover_enabled=&#8221;0&#8243; sticky_enabled=&#8221;0&#8243;]<\/p>\n<p>A busca permanente pela qualidade e excel\u00eancia, produzindo produtos que atendam \u00e0s <br \/>regulamenta\u00e7\u00f5es mais exigentes e melhoria cont\u00ednua, mantendo, desenvolvendo e melhorando nosso sistema integrado de gest\u00e3o da qualidade.<\/p>\n<p>[\/et_pb_slide][et_pb_slide heading=&#8221;Inova\u00e7\u00e3o&#8221; _builder_version=&#8221;4.9.10&#8243; _module_preset=&#8221;default&#8221; hover_enabled=&#8221;0&#8243; sticky_enabled=&#8221;0&#8243;]<\/p>\n<p>Somos disruptivos e criativos no que fazemos, pensando sempre em contribuir para a evolu\u00e7\u00e3o <br \/>do mercado medicinal, refletindo nosso compromisso com a ind\u00fastria e a ci\u00eancia global da maconha.<\/p>\n<p>[\/et_pb_slide][\/et_pb_slider][\/et_pb_column][\/et_pb_row][et_pb_row column_structure=&#8221;1_2,1_2&#8243; _builder_version=&#8221;3.27.4&#8243;][et_pb_column type=&#8221;1_2&#8243; _builder_version=&#8221;3.27.4&#8243;][et_pb_image src=&#8221;https:\/\/greenunitedpharma.com\/wp-content\/uploads\/2021\/07\/frame.jpeg&#8221; _builder_version=&#8221;3.27.4&#8243; border_width_all=&#8221;1px&#8221; border_style_all=&#8221;dashed&#8221; box_shadow_style=&#8221;preset1&#8243;][\/et_pb_image][\/et_pb_column][et_pb_column type=&#8221;1_2&#8243; _builder_version=&#8221;3.27.4&#8243;][et_pb_text _builder_version=&#8221;3.27.4&#8243;]<\/p>\n<p><span style=\"font-size: large;\">Na <strong>Green United Pharma<\/strong> , somos especializados em fornecer cobertura abrangente para toda a linha de neg\u00f3cios da <strong>ind\u00fastria de cannabis medicinal<\/strong> .<\/span><\/p>\n<p><span style=\"font-size: large;\"> <\/span><\/p>\n<p><span style=\"font-size: large;\"><strong>Tamb\u00e9m realizamos avalia\u00e7\u00f5es de projetos<\/strong> relacionados ao c\u00e2nhamo <strong>,<\/strong> consultoria financeira e <strong>log\u00edstica, financiamento de projetos e rela\u00e7\u00f5es com investidores em<\/strong> todo o mundo.<\/span><\/p>\n<p>[\/et_pb_text][\/et_pb_column][\/et_pb_row][et_pb_row column_structure=&#8221;1_2,1_2&#8243; _builder_version=&#8221;3.27.4&#8243;][et_pb_column type=&#8221;1_2&#8243; _builder_version=&#8221;3.27.4&#8243;][et_pb_text _builder_version=&#8221;3.27.4&#8243;]<\/p>\n<p style=\"text-align: justify;\"><span style=\"font-size: large;\">Tenho <strong>presen\u00e7a em tr\u00eas continentes e oito pa\u00edses<\/strong> , com uma <strong>rede global de empresas que abrange o cultivo, extra\u00e7\u00e3o de canabin\u00f3ides, a fabrica\u00e7\u00e3o de cosmec\u00eauticos e nutrac\u00eauticos<\/strong>, bem como a distribui\u00e7\u00e3o em todos os pa\u00edses em que estamos estabelecidos com nossas pr\u00f3prias subsidi\u00e1rias, n\u00e3o s\u00f3 dos referidos produtos, mas tamb\u00e9m de todos os demais da <strong>empresas farmac\u00eauticas<\/strong> que t\u00eam pesquisa cl\u00ednica suficiente e produtos inovadores que incorporam o <strong>canabin\u00f3ides como uso terap\u00eautico<\/strong> .<\/span><\/p>\n<p>[\/et_pb_text][\/et_pb_column][et_pb_column type=&#8221;1_2&#8243; _builder_version=&#8221;3.27.4&#8243;][et_pb_image src=&#8221;https:\/\/greenunitedpharma.com\/wp-content\/uploads\/2021\/07\/mapa-mano.jpg&#8221; _builder_version=&#8221;3.27.4&#8243; border_width_all=&#8221;1px&#8221; border_style_all=&#8221;dashed&#8221; box_shadow_style=&#8221;preset1&#8243;][\/et_pb_image][\/et_pb_column][\/et_pb_row][\/et_pb_section][et_pb_section fb_built=&#8221;1&#8243; _builder_version=&#8221;4.9.10&#8243; _module_preset=&#8221;default&#8221;][\/et_pb_section]<\/p>\n","protected":false},"excerpt":{"rendered":"<p>Uma organiza\u00e7\u00e3o de pessoas que trabalha para gerar valor e melhorar a qualidade de vidade pessoas atrav\u00e9s da produ\u00e7\u00e3o sustent\u00e1vel e sustent\u00e1vel de cannabis medicinal,gerando tamb\u00e9m satisfa\u00e7\u00e3o para toda a sociedade.Atrav\u00e9s do desenvolvimento de projetos de pesquisa e inova\u00e7\u00e3o que nos permitem oferecer novosprodutos e garantir a rastreabilidade total da cadeia de valor, nosso objetivo [&hellip;]<\/p>\n","protected":false},"author":2,"featured_media":0,"parent":0,"menu_order":0,"comment_status":"closed","ping_status":"closed","template":"","meta":{"_et_pb_use_builder":"on","_et_pb_old_content":"","_et_gb_content_width":"","footnotes":""},"class_list":["post-1080","page","type-page","status-publish","hentry"],"yoast_head":"<!-- This site is optimized with the Yoast SEO plugin v27.0 - https:\/\/yoast.com\/product\/yoast-seo-wordpress\/ -->\n<title>Quem somos - Green United Pharma<\/title>\n<meta name=\"robots\" content=\"index, follow, max-snippet:-1, max-image-preview:large, max-video-preview:-1\" \/>\n<link rel=\"canonical\" href=\"https:\/\/greenunitedpharma.com\/pt-br\/quem-somos\/\" \/>\n<meta property=\"og:locale\" content=\"pt_BR\" \/>\n<meta property=\"og:type\" content=\"article\" \/>\n<meta property=\"og:title\" content=\"Quem somos - Green United Pharma\" \/>\n<meta property=\"og:description\" content=\"Uma organiza\u00e7\u00e3o de pessoas que trabalha para gerar valor e melhorar a qualidade de vidade pessoas atrav\u00e9s da produ\u00e7\u00e3o sustent\u00e1vel e sustent\u00e1vel de cannabis medicinal,gerando tamb\u00e9m satisfa\u00e7\u00e3o para toda a sociedade.Atrav\u00e9s do desenvolvimento de projetos de pesquisa e inova\u00e7\u00e3o que nos permitem oferecer novosprodutos e garantir a rastreabilidade total da cadeia de valor, nosso objetivo [&hellip;]\" \/>\n<meta property=\"og:url\" content=\"https:\/\/greenunitedpharma.com\/pt-br\/quem-somos\/\" \/>\n<meta property=\"og:site_name\" content=\"Green United Pharma\" \/>\n<meta property=\"article:modified_time\" content=\"2021-08-18T12:41:05+00:00\" \/>\n<meta name=\"twitter:card\" content=\"summary_large_image\" \/>\n<meta name=\"twitter:label1\" content=\"Est. tempo de leitura\" \/>\n\t<meta name=\"twitter:data1\" content=\"3 minutos\" \/>\n<script type=\"application\/ld+json\" class=\"yoast-schema-graph\">{\"@context\":\"https:\/\/schema.org\",\"@graph\":[{\"@type\":\"WebPage\",\"@id\":\"https:\/\/greenunitedpharma.com\/pt-br\/quem-somos\/\",\"url\":\"https:\/\/greenunitedpharma.com\/pt-br\/quem-somos\/\",\"name\":\"Quem somos - Green United Pharma\",\"isPartOf\":{\"@id\":\"https:\/\/greenunitedpharma.com\/pt-br\/#website\"},\"datePublished\":\"2021-08-18T12:40:41+00:00\",\"dateModified\":\"2021-08-18T12:41:05+00:00\",\"breadcrumb\":{\"@id\":\"https:\/\/greenunitedpharma.com\/pt-br\/quem-somos\/#breadcrumb\"},\"inLanguage\":\"pt-BR\",\"potentialAction\":[{\"@type\":\"ReadAction\",\"target\":[\"https:\/\/greenunitedpharma.com\/pt-br\/quem-somos\/\"]}]},{\"@type\":\"BreadcrumbList\",\"@id\":\"https:\/\/greenunitedpharma.com\/pt-br\/quem-somos\/#breadcrumb\",\"itemListElement\":[{\"@type\":\"ListItem\",\"position\":1,\"name\":\"Portada\",\"item\":\"https:\/\/greenunitedpharma.com\/pt-br\/\"},{\"@type\":\"ListItem\",\"position\":2,\"name\":\"Quem somos\"}]},{\"@type\":\"WebSite\",\"@id\":\"https:\/\/greenunitedpharma.com\/pt-br\/#website\",\"url\":\"https:\/\/greenunitedpharma.com\/pt-br\/\",\"name\":\"Green United Pharma\",\"description\":\"\",\"potentialAction\":[{\"@type\":\"SearchAction\",\"target\":{\"@type\":\"EntryPoint\",\"urlTemplate\":\"https:\/\/greenunitedpharma.com\/pt-br\/?s={search_term_string}\"},\"query-input\":{\"@type\":\"PropertyValueSpecification\",\"valueRequired\":true,\"valueName\":\"search_term_string\"}}],\"inLanguage\":\"pt-BR\"}]}<\/script>\n<!-- \/ Yoast SEO plugin. -->","yoast_head_json":{"title":"Quem somos - Green United Pharma","robots":{"index":"index","follow":"follow","max-snippet":"max-snippet:-1","max-image-preview":"max-image-preview:large","max-video-preview":"max-video-preview:-1"},"canonical":"https:\/\/greenunitedpharma.com\/pt-br\/quem-somos\/","og_locale":"pt_BR","og_type":"article","og_title":"Quem somos - Green United Pharma","og_description":"Uma organiza\u00e7\u00e3o de pessoas que trabalha para gerar valor e melhorar a qualidade de vidade pessoas atrav\u00e9s da produ\u00e7\u00e3o sustent\u00e1vel e sustent\u00e1vel de cannabis medicinal,gerando tamb\u00e9m satisfa\u00e7\u00e3o para toda a sociedade.Atrav\u00e9s do desenvolvimento de projetos de pesquisa e inova\u00e7\u00e3o que nos permitem oferecer novosprodutos e garantir a rastreabilidade total da cadeia de valor, nosso objetivo [&hellip;]","og_url":"https:\/\/greenunitedpharma.com\/pt-br\/quem-somos\/","og_site_name":"Green United Pharma","article_modified_time":"2021-08-18T12:41:05+00:00","twitter_card":"summary_large_image","twitter_misc":{"Est. tempo de leitura":"3 minutos"},"schema":{"@context":"https:\/\/schema.org","@graph":[{"@type":"WebPage","@id":"https:\/\/greenunitedpharma.com\/pt-br\/quem-somos\/","url":"https:\/\/greenunitedpharma.com\/pt-br\/quem-somos\/","name":"Quem somos - Green United Pharma","isPartOf":{"@id":"https:\/\/greenunitedpharma.com\/pt-br\/#website"},"datePublished":"2021-08-18T12:40:41+00:00","dateModified":"2021-08-18T12:41:05+00:00","breadcrumb":{"@id":"https:\/\/greenunitedpharma.com\/pt-br\/quem-somos\/#breadcrumb"},"inLanguage":"pt-BR","potentialAction":[{"@type":"ReadAction","target":["https:\/\/greenunitedpharma.com\/pt-br\/quem-somos\/"]}]},{"@type":"BreadcrumbList","@id":"https:\/\/greenunitedpharma.com\/pt-br\/quem-somos\/#breadcrumb","itemListElement":[{"@type":"ListItem","position":1,"name":"Portada","item":"https:\/\/greenunitedpharma.com\/pt-br\/"},{"@type":"ListItem","position":2,"name":"Quem somos"}]},{"@type":"WebSite","@id":"https:\/\/greenunitedpharma.com\/pt-br\/#website","url":"https:\/\/greenunitedpharma.com\/pt-br\/","name":"Green United Pharma","description":"","potentialAction":[{"@type":"SearchAction","target":{"@type":"EntryPoint","urlTemplate":"https:\/\/greenunitedpharma.com\/pt-br\/?s={search_term_string}"},"query-input":{"@type":"PropertyValueSpecification","valueRequired":true,"valueName":"search_term_string"}}],"inLanguage":"pt-BR"}]}},"_links":{"self":[{"href":"https:\/\/greenunitedpharma.com\/pt-br\/wp-json\/wp\/v2\/pages\/1080","targetHints":{"allow":["GET"]}}],"collection":[{"href":"https:\/\/greenunitedpharma.com\/pt-br\/wp-json\/wp\/v2\/pages"}],"about":[{"href":"https:\/\/greenunitedpharma.com\/pt-br\/wp-json\/wp\/v2\/types\/page"}],"author":[{"embeddable":true,"href":"https:\/\/greenunitedpharma.com\/pt-br\/wp-json\/wp\/v2\/users\/2"}],"replies":[{"embeddable":true,"href":"https:\/\/greenunitedpharma.com\/pt-br\/wp-json\/wp\/v2\/comments?post=1080"}],"version-history":[{"count":4,"href":"https:\/\/greenunitedpharma.com\/pt-br\/wp-json\/wp\/v2\/pages\/1080\/revisions"}],"predecessor-version":[{"id":1084,"href":"https:\/\/greenunitedpharma.com\/pt-br\/wp-json\/wp\/v2\/pages\/1080\/revisions\/1084"}],"wp:attachment":[{"href":"https:\/\/greenunitedpharma.com\/pt-br\/wp-json\/wp\/v2\/media?parent=1080"}],"curies":[{"name":"wp","href":"https:\/\/api.w.org\/{rel}","templated":true}]}}