{"id":1012,"date":"2021-08-05T11:16:43","date_gmt":"2021-08-05T11:16:43","guid":{"rendered":"https:\/\/greenunitedpharma.com\/produtos-servicos\/"},"modified":"2021-08-05T11:16:47","modified_gmt":"2021-08-05T11:16:47","slug":"produtos-servicos","status":"publish","type":"page","link":"https:\/\/greenunitedpharma.com\/pt-pt\/produtos-servicos\/","title":{"rendered":"Produtos \/ servi\u00e7os"},"content":{"rendered":"<p>[et_pb_section fb_built=&#8221;1&#8243; _builder_version=&#8221;3.22&#8243;][et_pb_row _builder_version=&#8221;3.25&#8243; background_size=&#8221;initial&#8221; background_position=&#8221;top_left&#8221; background_repeat=&#8221;repeat&#8221;][et_pb_column type=&#8221;4_4&#8243; _builder_version=&#8221;3.25&#8243; custom_padding=&#8221;|||&#8221; custom_padding__hover=&#8221;|||&#8221;][et_pb_text _builder_version=&#8221;3.27.4&#8243; background_size=&#8221;initial&#8221; background_position=&#8221;top_left&#8221; background_repeat=&#8221;repeat&#8221;]<\/p>\n<p style=\"text-align: justify\"><span style=\"font-size: large\">Nosso <strong>Know How<\/strong>visa cobrir todas as necessidades de empresas que se dedicam a trabalhar com as diversas variedades de c\u00e2nhamo, seja pequisa e produ\u00e7\u00e3o de sementes, culitvo, extra\u00e7\u00e3o, fabrica\u00e7\u00e3o de diversos produtos com presen\u00e7a de fitocanabin\u00f3ides, distribui\u00e7\u00e3o, importa\u00e7\u00e3o e exporta\u00e7\u00e3o de medicamentos \u00e0 base de cannabis, bem como a assessoria, concep\u00e7\u00e3o e fabrica\u00e7\u00e3o de todo tipo de maquin\u00e1rio referente \u00e0 qualquer processo, relacionado ao c\u00e2nhamo.<\/span><\/p>\n<p>[\/et_pb_text][\/et_pb_column][\/et_pb_row][et_pb_row _builder_version=&#8221;3.27.4&#8243;][et_pb_column type=&#8221;4_4&#8243; _builder_version=&#8221;3.27.4&#8243;][et_pb_image src=&#8221;https:\/\/greenunitedpharma.com\/wp-content\/uploads\/2021\/07\/cultivo.jpg&#8221; _builder_version=&#8221;3.27.4&#8243; border_width_all=&#8221;1px&#8221; border_style_all=&#8221;dashed&#8221; box_shadow_style=&#8221;preset1&#8243;][\/et_pb_image][\/et_pb_column][\/et_pb_row][et_pb_row column_structure=&#8221;1_2,1_2&#8243; _builder_version=&#8221;3.27.4&#8243;][et_pb_column type=&#8221;1_2&#8243; _builder_version=&#8221;3.27.4&#8243;][et_pb_text _builder_version=&#8221;3.27.4&#8243;]<\/p>\n<p style=\"text-align: justify\"><span style=\"font-size: large\">Desenvolvendo nossas atividades em base a uma mat\u00e9ria prima, que na grande maioria dos pa\u00edses pode ser considerada entorpecente, nos colocamos estrat\u00e9gicamente em diferentes pa\u00edses, de acordo com suas legisla\u00e7\u00f5es nacionais.<\/span><\/p>\n<p style=\"text-align: justify\"><span style=\"font-size: large\">As nossas diferentes atividades, tem como o objetivo, n\u00e3o somente benficiar os nossos clientes do melhor marco jur\u00eddico poss\u00edvel e assim obter seguran\u00e7a legal absoluta de seus produtos, mas tamb\u00e9m para que os pre\u00e7os aplicados sejam absolutamente imbat\u00edveis. <\/span><\/p>\n<p>[\/et_pb_text][\/et_pb_column][et_pb_column type=&#8221;1_2&#8243; _builder_version=&#8221;3.27.4&#8243;][et_pb_image src=&#8221;https:\/\/greenunitedpharma.com\/wp-content\/uploads\/2021\/07\/legalidad.jpg&#8221; _builder_version=&#8221;3.27.4&#8243; border_width_all=&#8221;1px&#8221; border_style_all=&#8221;dashed&#8221; box_shadow_style=&#8221;preset1&#8243;][\/et_pb_image][\/et_pb_column][\/et_pb_row][et_pb_row column_structure=&#8221;1_2,1_2&#8243; _builder_version=&#8221;3.27.4&#8243;][et_pb_column type=&#8221;1_2&#8243; _builder_version=&#8221;3.27.4&#8243;][et_pb_image src=&#8221;https:\/\/greenunitedpharma.com\/wp-content\/uploads\/2021\/07\/equipo.jpg&#8221; _builder_version=&#8221;3.27.4&#8243; border_width_all=&#8221;1px&#8221; border_style_all=&#8221;dashed&#8221; box_shadow_style=&#8221;preset1&#8243;][\/et_pb_image][\/et_pb_column][et_pb_column type=&#8221;1_2&#8243; _builder_version=&#8221;3.27.4&#8243;][et_pb_text _builder_version=&#8221;3.27.4&#8243;]<\/p>\n<p style=\"text-align: justify\"><span style=\"font-size: large\">Neste setor as certezas s\u00e3o dif\u00edfceis de se obter se n\u00e3o por meio de profissionais, e \u00e9 por isso temos uma equipe pr\u00f3pria de recursos humanos que est\u00e1 na vanguarda do conhecimento da legisla\u00e7\u00e3o internacional, para trabalhar diretamente com os diversos org\u00e3os estatais de medicamentos e entorpecentes, sem intermedi\u00e1rios.<\/span><\/p>\n<p>[\/et_pb_text][\/et_pb_column][\/et_pb_row][\/et_pb_section]<\/p>\n","protected":false},"excerpt":{"rendered":"<p>Nosso Know Howvisa cobrir todas as necessidades de empresas que se dedicam a trabalhar com as diversas variedades de c\u00e2nhamo, seja pequisa e produ\u00e7\u00e3o de sementes, culitvo, extra\u00e7\u00e3o, fabrica\u00e7\u00e3o de diversos produtos com presen\u00e7a de fitocanabin\u00f3ides, distribui\u00e7\u00e3o, importa\u00e7\u00e3o e exporta\u00e7\u00e3o de medicamentos \u00e0 base de cannabis, bem como a assessoria, concep\u00e7\u00e3o e fabrica\u00e7\u00e3o de todo [&hellip;]<\/p>\n","protected":false},"author":2,"featured_media":0,"parent":0,"menu_order":0,"comment_status":"closed","ping_status":"closed","template":"","meta":{"_et_pb_use_builder":"on","_et_pb_old_content":"","_et_gb_content_width":"","footnotes":""},"class_list":["post-1012","page","type-page","status-publish","hentry"],"yoast_head":"<!-- This site is optimized with the Yoast SEO plugin v27.0 - https:\/\/yoast.com\/product\/yoast-seo-wordpress\/ -->\n<title>Produtos \/ servi\u00e7os - Green United Pharma<\/title>\n<meta name=\"robots\" content=\"index, follow, max-snippet:-1, max-image-preview:large, max-video-preview:-1\" \/>\n<link rel=\"canonical\" href=\"https:\/\/greenunitedpharma.com\/pt-pt\/produtos-servicos\/\" \/>\n<meta property=\"og:locale\" content=\"pt_PT\" \/>\n<meta property=\"og:type\" content=\"article\" \/>\n<meta property=\"og:title\" content=\"Produtos \/ servi\u00e7os - Green United Pharma\" \/>\n<meta property=\"og:description\" content=\"Nosso Know Howvisa cobrir todas as necessidades de empresas que se dedicam a trabalhar com as diversas variedades de c\u00e2nhamo, seja pequisa e produ\u00e7\u00e3o de sementes, culitvo, extra\u00e7\u00e3o, fabrica\u00e7\u00e3o de diversos produtos com presen\u00e7a de fitocanabin\u00f3ides, distribui\u00e7\u00e3o, importa\u00e7\u00e3o e exporta\u00e7\u00e3o de medicamentos \u00e0 base de cannabis, bem como a assessoria, concep\u00e7\u00e3o e fabrica\u00e7\u00e3o de todo [&hellip;]\" \/>\n<meta property=\"og:url\" content=\"https:\/\/greenunitedpharma.com\/pt-pt\/produtos-servicos\/\" \/>\n<meta property=\"og:site_name\" content=\"Green United Pharma\" \/>\n<meta property=\"article:modified_time\" content=\"2021-08-05T11:16:47+00:00\" \/>\n<meta name=\"twitter:card\" content=\"summary_large_image\" \/>\n<meta name=\"twitter:label1\" content=\"Tempo estimado de leitura\" \/>\n\t<meta name=\"twitter:data1\" content=\"2 minutos\" \/>\n<script type=\"application\/ld+json\" class=\"yoast-schema-graph\">{\"@context\":\"https:\/\/schema.org\",\"@graph\":[{\"@type\":\"WebPage\",\"@id\":\"https:\/\/greenunitedpharma.com\/pt-pt\/produtos-servicos\/\",\"url\":\"https:\/\/greenunitedpharma.com\/pt-pt\/produtos-servicos\/\",\"name\":\"Produtos \/ servi\u00e7os - Green United Pharma\",\"isPartOf\":{\"@id\":\"https:\/\/greenunitedpharma.com\/pt-pt\/#website\"},\"datePublished\":\"2021-08-05T11:16:43+00:00\",\"dateModified\":\"2021-08-05T11:16:47+00:00\",\"breadcrumb\":{\"@id\":\"https:\/\/greenunitedpharma.com\/pt-pt\/produtos-servicos\/#breadcrumb\"},\"inLanguage\":\"pt-PT\",\"potentialAction\":[{\"@type\":\"ReadAction\",\"target\":[\"https:\/\/greenunitedpharma.com\/pt-pt\/produtos-servicos\/\"]}]},{\"@type\":\"BreadcrumbList\",\"@id\":\"https:\/\/greenunitedpharma.com\/pt-pt\/produtos-servicos\/#breadcrumb\",\"itemListElement\":[{\"@type\":\"ListItem\",\"position\":1,\"name\":\"Portada\",\"item\":\"https:\/\/greenunitedpharma.com\/pt-pt\/\"},{\"@type\":\"ListItem\",\"position\":2,\"name\":\"Produtos \/ servi\u00e7os\"}]},{\"@type\":\"WebSite\",\"@id\":\"https:\/\/greenunitedpharma.com\/pt-pt\/#website\",\"url\":\"https:\/\/greenunitedpharma.com\/pt-pt\/\",\"name\":\"Green United Pharma\",\"description\":\"\",\"potentialAction\":[{\"@type\":\"SearchAction\",\"target\":{\"@type\":\"EntryPoint\",\"urlTemplate\":\"https:\/\/greenunitedpharma.com\/pt-pt\/?s={search_term_string}\"},\"query-input\":{\"@type\":\"PropertyValueSpecification\",\"valueRequired\":true,\"valueName\":\"search_term_string\"}}],\"inLanguage\":\"pt-PT\"}]}<\/script>\n<!-- \/ Yoast SEO plugin. -->","yoast_head_json":{"title":"Produtos \/ servi\u00e7os - Green United Pharma","robots":{"index":"index","follow":"follow","max-snippet":"max-snippet:-1","max-image-preview":"max-image-preview:large","max-video-preview":"max-video-preview:-1"},"canonical":"https:\/\/greenunitedpharma.com\/pt-pt\/produtos-servicos\/","og_locale":"pt_PT","og_type":"article","og_title":"Produtos \/ servi\u00e7os - Green United Pharma","og_description":"Nosso Know Howvisa cobrir todas as necessidades de empresas que se dedicam a trabalhar com as diversas variedades de c\u00e2nhamo, seja pequisa e produ\u00e7\u00e3o de sementes, culitvo, extra\u00e7\u00e3o, fabrica\u00e7\u00e3o de diversos produtos com presen\u00e7a de fitocanabin\u00f3ides, distribui\u00e7\u00e3o, importa\u00e7\u00e3o e exporta\u00e7\u00e3o de medicamentos \u00e0 base de cannabis, bem como a assessoria, concep\u00e7\u00e3o e fabrica\u00e7\u00e3o de todo [&hellip;]","og_url":"https:\/\/greenunitedpharma.com\/pt-pt\/produtos-servicos\/","og_site_name":"Green United Pharma","article_modified_time":"2021-08-05T11:16:47+00:00","twitter_card":"summary_large_image","twitter_misc":{"Tempo estimado de leitura":"2 minutos"},"schema":{"@context":"https:\/\/schema.org","@graph":[{"@type":"WebPage","@id":"https:\/\/greenunitedpharma.com\/pt-pt\/produtos-servicos\/","url":"https:\/\/greenunitedpharma.com\/pt-pt\/produtos-servicos\/","name":"Produtos \/ servi\u00e7os - Green United Pharma","isPartOf":{"@id":"https:\/\/greenunitedpharma.com\/pt-pt\/#website"},"datePublished":"2021-08-05T11:16:43+00:00","dateModified":"2021-08-05T11:16:47+00:00","breadcrumb":{"@id":"https:\/\/greenunitedpharma.com\/pt-pt\/produtos-servicos\/#breadcrumb"},"inLanguage":"pt-PT","potentialAction":[{"@type":"ReadAction","target":["https:\/\/greenunitedpharma.com\/pt-pt\/produtos-servicos\/"]}]},{"@type":"BreadcrumbList","@id":"https:\/\/greenunitedpharma.com\/pt-pt\/produtos-servicos\/#breadcrumb","itemListElement":[{"@type":"ListItem","position":1,"name":"Portada","item":"https:\/\/greenunitedpharma.com\/pt-pt\/"},{"@type":"ListItem","position":2,"name":"Produtos \/ servi\u00e7os"}]},{"@type":"WebSite","@id":"https:\/\/greenunitedpharma.com\/pt-pt\/#website","url":"https:\/\/greenunitedpharma.com\/pt-pt\/","name":"Green United Pharma","description":"","potentialAction":[{"@type":"SearchAction","target":{"@type":"EntryPoint","urlTemplate":"https:\/\/greenunitedpharma.com\/pt-pt\/?s={search_term_string}"},"query-input":{"@type":"PropertyValueSpecification","valueRequired":true,"valueName":"search_term_string"}}],"inLanguage":"pt-PT"}]}},"_links":{"self":[{"href":"https:\/\/greenunitedpharma.com\/pt-pt\/wp-json\/wp\/v2\/pages\/1012","targetHints":{"allow":["GET"]}}],"collection":[{"href":"https:\/\/greenunitedpharma.com\/pt-pt\/wp-json\/wp\/v2\/pages"}],"about":[{"href":"https:\/\/greenunitedpharma.com\/pt-pt\/wp-json\/wp\/v2\/types\/page"}],"author":[{"embeddable":true,"href":"https:\/\/greenunitedpharma.com\/pt-pt\/wp-json\/wp\/v2\/users\/2"}],"replies":[{"embeddable":true,"href":"https:\/\/greenunitedpharma.com\/pt-pt\/wp-json\/wp\/v2\/comments?post=1012"}],"version-history":[{"count":3,"href":"https:\/\/greenunitedpharma.com\/pt-pt\/wp-json\/wp\/v2\/pages\/1012\/revisions"}],"predecessor-version":[{"id":1015,"href":"https:\/\/greenunitedpharma.com\/pt-pt\/wp-json\/wp\/v2\/pages\/1012\/revisions\/1015"}],"wp:attachment":[{"href":"https:\/\/greenunitedpharma.com\/pt-pt\/wp-json\/wp\/v2\/media?parent=1012"}],"curies":[{"name":"wp","href":"https:\/\/api.w.org\/{rel}","templated":true}]}}