{"id":988,"date":"2021-08-03T10:41:17","date_gmt":"2021-08-03T10:41:17","guid":{"rendered":"https:\/\/greenunitedpharma.com\/inicio\/"},"modified":"2021-08-10T12:33:47","modified_gmt":"2021-08-10T12:33:47","slug":"inicio","status":"publish","type":"page","link":"https:\/\/greenunitedpharma.com\/pt-pt\/","title":{"rendered":"\u00cdnicio"},"content":{"rendered":"<p>[et_pb_section fb_built=&#8221;1&#8243; prev_background_color=&#8221;#ffffff&#8221; next_background_color=&#8221;#ffffff&#8221; _builder_version=&#8221;3.27.4&#8243; background_image=&#8221;https:\/\/greenunitedpharma.com\/wp-content\/uploads\/2021\/07\/frame-1024&#215;435.jpeg&#8221; background_video_mp4=&#8221;https:\/\/greenunitedpharma.com\/wp-content\/uploads\/2021\/07\/gif2.mp4&#8243; top_divider_style=&#8221;slant2&#8243; top_divider_height=&#8221;40px&#8221; bottom_divider_style=&#8221;slant2&#8243; bottom_divider_height=&#8221;56px&#8221; z_index_tablet=&#8221;500&#8243; box_shadow_horizontal_tablet=&#8221;0px&#8221; box_shadow_vertical_tablet=&#8221;0px&#8221; box_shadow_blur_tablet=&#8221;40px&#8221; box_shadow_spread_tablet=&#8221;0px&#8221;][et_pb_row _builder_version=&#8221;3.27.4&#8243; background_color=&#8221;rgba(91,133,0,0.4)&#8221; border_radii=&#8221;on|10px|10px|10px|10px&#8221; border_width_all=&#8221;1px&#8221; border_color_all=&#8221;#000000&#8243;][et_pb_column type=&#8221;4_4&#8243; _builder_version=&#8221;3.27.4&#8243;][et_pb_text _builder_version=&#8221;3.27.4&#8243;]<\/p>\n<h4 style=\"text-align: center\"><span style=\"color: #ffffff;font-size: large\"><strong>Na green united pharma somos especializados em dar cobertura integral para toda<\/strong><\/span><\/h4>\n<h4 style=\"text-align: center\"><span style=\"color: #ffffff;font-size: large\"><strong> linha de neg\u00f3cios da ind\u00fastria de cannabis medicinal.<\/strong><\/span><\/h4>\n<p>[\/et_pb_text][\/et_pb_column][\/et_pb_row][et_pb_row _builder_version=&#8221;3.25&#8243; background_size=&#8221;initial&#8221; background_position=&#8221;top_left&#8221; background_repeat=&#8221;repeat&#8221;][et_pb_column type=&#8221;4_4&#8243; _builder_version=&#8221;3.25&#8243; custom_padding=&#8221;|||&#8221; custom_padding__hover=&#8221;|||&#8221;][et_pb_text _builder_version=&#8221;4.9.10&#8243; background_size=&#8221;initial&#8221; background_position=&#8221;top_left&#8221; background_repeat=&#8221;repeat&#8221; hover_enabled=&#8221;0&#8243; z_index_tablet=&#8221;500&#8243; text_text_shadow_horizontal_length_tablet=&#8221;0px&#8221; text_text_shadow_vertical_length_tablet=&#8221;0px&#8221; text_text_shadow_blur_strength_tablet=&#8221;1px&#8221; link_text_shadow_horizontal_length_tablet=&#8221;0px&#8221; link_text_shadow_vertical_length_tablet=&#8221;0px&#8221; link_text_shadow_blur_strength_tablet=&#8221;1px&#8221; ul_text_shadow_horizontal_length_tablet=&#8221;0px&#8221; ul_text_shadow_vertical_length_tablet=&#8221;0px&#8221; ul_text_shadow_blur_strength_tablet=&#8221;1px&#8221; ol_text_shadow_horizontal_length_tablet=&#8221;0px&#8221; ol_text_shadow_vertical_length_tablet=&#8221;0px&#8221; ol_text_shadow_blur_strength_tablet=&#8221;1px&#8221; quote_text_shadow_horizontal_length_tablet=&#8221;0px&#8221; quote_text_shadow_vertical_length_tablet=&#8221;0px&#8221; quote_text_shadow_blur_strength_tablet=&#8221;1px&#8221; header_text_shadow_horizontal_length_tablet=&#8221;0px&#8221; header_text_shadow_vertical_length_tablet=&#8221;0px&#8221; header_text_shadow_blur_strength_tablet=&#8221;1px&#8221; header_2_text_shadow_horizontal_length_tablet=&#8221;0px&#8221; header_2_text_shadow_vertical_length_tablet=&#8221;0px&#8221; header_2_text_shadow_blur_strength_tablet=&#8221;1px&#8221; header_3_text_shadow_horizontal_length_tablet=&#8221;0px&#8221; header_3_text_shadow_vertical_length_tablet=&#8221;0px&#8221; header_3_text_shadow_blur_strength_tablet=&#8221;1px&#8221; header_4_text_shadow_horizontal_length_tablet=&#8221;0px&#8221; header_4_text_shadow_vertical_length_tablet=&#8221;0px&#8221; header_4_text_shadow_blur_strength_tablet=&#8221;1px&#8221; header_5_text_shadow_horizontal_length_tablet=&#8221;0px&#8221; header_5_text_shadow_vertical_length_tablet=&#8221;0px&#8221; header_5_text_shadow_blur_strength_tablet=&#8221;1px&#8221; header_6_text_shadow_horizontal_length_tablet=&#8221;0px&#8221; header_6_text_shadow_vertical_length_tablet=&#8221;0px&#8221; header_6_text_shadow_blur_strength_tablet=&#8221;1px&#8221; box_shadow_horizontal_tablet=&#8221;0px&#8221; box_shadow_vertical_tablet=&#8221;0px&#8221; box_shadow_blur_tablet=&#8221;40px&#8221; box_shadow_spread_tablet=&#8221;0px&#8221; sticky_enabled=&#8221;0&#8243;]<\/p>\n<div style=\"width: 1080px;\" class=\"wp-video\"><video class=\"wp-video-shortcode\" id=\"video-988-1\" width=\"1080\" height=\"450\" preload=\"metadata\" controls=\"controls\"><source type=\"video\/mp4\" src=\"https:\/\/greenunitedpharma.com\/wp-content\/uploads\/2021\/08\/GUPWEB.mp4?_=1\" \/><a href=\"https:\/\/greenunitedpharma.com\/wp-content\/uploads\/2021\/08\/GUPWEB.mp4\">https:\/\/greenunitedpharma.com\/wp-content\/uploads\/2021\/08\/GUPWEB.mp4<\/a><\/video><\/div>\n<p>[\/et_pb_text][\/et_pb_column][\/et_pb_row][\/et_pb_section][et_pb_section fb_built=&#8221;1&#8243; prev_background_color=&#8221;#ffffff&#8221; next_background_color=&#8221;#ffffff&#8221; _builder_version=&#8221;3.27.4&#8243; background_image=&#8221;https:\/\/greenunitedpharma.com\/wp-content\/uploads\/2021\/07\/frame-1024&#215;435.jpeg&#8221; background_video_mp4=&#8221;https:\/\/greenunitedpharma.com\/wp-content\/uploads\/2021\/07\/gif1.mp4&#8243; top_divider_style=&#8221;slant2&#8243; top_divider_height=&#8221;40px&#8221; bottom_divider_style=&#8221;slant2&#8243; bottom_divider_height=&#8221;56px&#8221; z_index_tablet=&#8221;500&#8243; box_shadow_horizontal_tablet=&#8221;0px&#8221; box_shadow_vertical_tablet=&#8221;0px&#8221; box_shadow_blur_tablet=&#8221;40px&#8221; box_shadow_spread_tablet=&#8221;0px&#8221;][et_pb_row _builder_version=&#8221;3.27.4&#8243; background_color=&#8221;rgba(91,133,0,0.4)&#8221; border_radii=&#8221;on|10px|10px|10px|10px&#8221; border_width_all=&#8221;1px&#8221; border_color_all=&#8221;#000000&#8243;][et_pb_column type=&#8221;4_4&#8243; _builder_version=&#8221;3.27.4&#8243;][et_pb_text _builder_version=&#8221;3.27.4&#8243;]<\/p>\n<h4 style=\"text-align: center\"><span style=\"color: #ffffff\"><strong>Estamos presentes em tr\u00eas continentes e oito pa\u00edses, com uma rede global de empressas <br \/>que englobam o cultivo, a extra\u00e7\u00e3o de canabin\u00f3ides, a fabrica\u00e7\u00e3o de produtos <br \/>cosmec\u00eauticos e nutrac\u00eauticos, bem como a distribui\u00e7\u00e3o<\/strong><\/span><\/h4>\n<p>[\/et_pb_text][\/et_pb_column][\/et_pb_row][et_pb_row _builder_version=&#8221;3.27.4&#8243;][et_pb_column type=&#8221;4_4&#8243; _builder_version=&#8221;3.27.4&#8243;][et_pb_image src=&#8221;https:\/\/greenunitedpharma.com\/wp-content\/uploads\/2021\/07\/mapa-mano.jpg&#8221; _builder_version=&#8221;3.27.4&#8243; box_shadow_style=&#8221;preset2&#8243;][\/et_pb_image][\/et_pb_column][\/et_pb_row][\/et_pb_section]<\/p>\n","protected":false},"excerpt":{"rendered":"<p>Na green united pharma somos especializados em dar cobertura integral para toda linha de neg\u00f3cios da ind\u00fastria de cannabis medicinal. <div style=\"width: 1080px;\" class=\"wp-video\"><video class=\"wp-video-shortcode\" id=\"video-988-2\" width=\"1080\" height=\"450\" preload=\"metadata\" controls=\"controls\"><source type=\"video\/mp4\" src=\"https:\/\/greenunitedpharma.com\/wp-content\/uploads\/2021\/08\/GUPWEB.mp4?_=2\" \/><a href=\"https:\/\/greenunitedpharma.com\/wp-content\/uploads\/2021\/08\/GUPWEB.mp4\">https:\/\/greenunitedpharma.com\/wp-content\/uploads\/2021\/08\/GUPWEB.mp4<\/a><\/video><\/div>Estamos presentes em tr\u00eas continentes e oito pa\u00edses, com uma rede global de empressas que englobam o cultivo, a extra\u00e7\u00e3o de canabin\u00f3ides, a fabrica\u00e7\u00e3o de produtos cosmec\u00eauticos e nutrac\u00eauticos, bem como a [&hellip;]<\/p>\n","protected":false},"author":1,"featured_media":0,"parent":0,"menu_order":0,"comment_status":"closed","ping_status":"closed","template":"","meta":{"_et_pb_use_builder":"on","_et_pb_old_content":"","_et_gb_content_width":"","footnotes":""},"class_list":["post-988","page","type-page","status-publish","hentry"],"yoast_head":"<!-- This site is optimized with the Yoast SEO plugin v27.0 - https:\/\/yoast.com\/product\/yoast-seo-wordpress\/ -->\n<title>Green United Pharma Potugal<\/title>\n<meta name=\"description\" content=\"Na green united pharma somos especializados em dar cobertura integral para toda linha de neg\u00f3cios da ind\u00fastria de cannabis medicinal.\" \/>\n<meta name=\"robots\" content=\"index, follow, max-snippet:-1, max-image-preview:large, max-video-preview:-1\" \/>\n<link rel=\"canonical\" href=\"https:\/\/greenunitedpharma.com\/pt-pt\/\" \/>\n<meta property=\"og:locale\" content=\"pt_PT\" \/>\n<meta property=\"og:type\" content=\"article\" \/>\n<meta property=\"og:title\" content=\"Green United Pharma Potugal\" \/>\n<meta property=\"og:description\" content=\"Na green united pharma somos especializados em dar cobertura integral para toda linha de neg\u00f3cios da ind\u00fastria de cannabis medicinal.\" \/>\n<meta property=\"og:url\" content=\"https:\/\/greenunitedpharma.com\/pt-pt\/\" \/>\n<meta property=\"og:site_name\" content=\"Green United Pharma\" \/>\n<meta property=\"article:modified_time\" content=\"2021-08-10T12:33:47+00:00\" \/>\n<meta name=\"twitter:card\" content=\"summary_large_image\" \/>\n<meta name=\"twitter:label1\" content=\"Tempo estimado de leitura\" \/>\n\t<meta name=\"twitter:data1\" content=\"3 minutos\" \/>\n<script type=\"application\/ld+json\" class=\"yoast-schema-graph\">{\"@context\":\"https:\/\/schema.org\",\"@graph\":[{\"@type\":\"WebPage\",\"@id\":\"https:\/\/greenunitedpharma.com\/pt-pt\/\",\"url\":\"https:\/\/greenunitedpharma.com\/pt-pt\/\",\"name\":\"Green United Pharma Potugal\",\"isPartOf\":{\"@id\":\"https:\/\/greenunitedpharma.com\/pt-pt\/#website\"},\"datePublished\":\"2021-08-03T10:41:17+00:00\",\"dateModified\":\"2021-08-10T12:33:47+00:00\",\"description\":\"Na green united pharma somos especializados em dar cobertura integral para toda linha de neg\u00f3cios da ind\u00fastria de cannabis medicinal.\",\"breadcrumb\":{\"@id\":\"https:\/\/greenunitedpharma.com\/pt-pt\/#breadcrumb\"},\"inLanguage\":\"pt-PT\",\"potentialAction\":[{\"@type\":\"ReadAction\",\"target\":[\"https:\/\/greenunitedpharma.com\/pt-pt\/\"]}]},{\"@type\":\"BreadcrumbList\",\"@id\":\"https:\/\/greenunitedpharma.com\/pt-pt\/#breadcrumb\",\"itemListElement\":[{\"@type\":\"ListItem\",\"position\":1,\"name\":\"Portada\",\"item\":\"https:\/\/greenunitedpharma.com\/pt-pt\/\"},{\"@type\":\"ListItem\",\"position\":2,\"name\":\"\u00cdnicio\"}]},{\"@type\":\"WebSite\",\"@id\":\"https:\/\/greenunitedpharma.com\/pt-pt\/#website\",\"url\":\"https:\/\/greenunitedpharma.com\/pt-pt\/\",\"name\":\"Green United Pharma\",\"description\":\"\",\"potentialAction\":[{\"@type\":\"SearchAction\",\"target\":{\"@type\":\"EntryPoint\",\"urlTemplate\":\"https:\/\/greenunitedpharma.com\/pt-pt\/?s={search_term_string}\"},\"query-input\":{\"@type\":\"PropertyValueSpecification\",\"valueRequired\":true,\"valueName\":\"search_term_string\"}}],\"inLanguage\":\"pt-PT\"}]}<\/script>\n<!-- \/ Yoast SEO plugin. -->","yoast_head_json":{"title":"Green United Pharma Potugal","description":"Na green united pharma somos especializados em dar cobertura integral para toda linha de neg\u00f3cios da ind\u00fastria de cannabis medicinal.","robots":{"index":"index","follow":"follow","max-snippet":"max-snippet:-1","max-image-preview":"max-image-preview:large","max-video-preview":"max-video-preview:-1"},"canonical":"https:\/\/greenunitedpharma.com\/pt-pt\/","og_locale":"pt_PT","og_type":"article","og_title":"Green United Pharma Potugal","og_description":"Na green united pharma somos especializados em dar cobertura integral para toda linha de neg\u00f3cios da ind\u00fastria de cannabis medicinal.","og_url":"https:\/\/greenunitedpharma.com\/pt-pt\/","og_site_name":"Green United Pharma","article_modified_time":"2021-08-10T12:33:47+00:00","twitter_card":"summary_large_image","twitter_misc":{"Tempo estimado de leitura":"3 minutos"},"schema":{"@context":"https:\/\/schema.org","@graph":[{"@type":"WebPage","@id":"https:\/\/greenunitedpharma.com\/pt-pt\/","url":"https:\/\/greenunitedpharma.com\/pt-pt\/","name":"Green United Pharma Potugal","isPartOf":{"@id":"https:\/\/greenunitedpharma.com\/pt-pt\/#website"},"datePublished":"2021-08-03T10:41:17+00:00","dateModified":"2021-08-10T12:33:47+00:00","description":"Na green united pharma somos especializados em dar cobertura integral para toda linha de neg\u00f3cios da ind\u00fastria de cannabis medicinal.","breadcrumb":{"@id":"https:\/\/greenunitedpharma.com\/pt-pt\/#breadcrumb"},"inLanguage":"pt-PT","potentialAction":[{"@type":"ReadAction","target":["https:\/\/greenunitedpharma.com\/pt-pt\/"]}]},{"@type":"BreadcrumbList","@id":"https:\/\/greenunitedpharma.com\/pt-pt\/#breadcrumb","itemListElement":[{"@type":"ListItem","position":1,"name":"Portada","item":"https:\/\/greenunitedpharma.com\/pt-pt\/"},{"@type":"ListItem","position":2,"name":"\u00cdnicio"}]},{"@type":"WebSite","@id":"https:\/\/greenunitedpharma.com\/pt-pt\/#website","url":"https:\/\/greenunitedpharma.com\/pt-pt\/","name":"Green United Pharma","description":"","potentialAction":[{"@type":"SearchAction","target":{"@type":"EntryPoint","urlTemplate":"https:\/\/greenunitedpharma.com\/pt-pt\/?s={search_term_string}"},"query-input":{"@type":"PropertyValueSpecification","valueRequired":true,"valueName":"search_term_string"}}],"inLanguage":"pt-PT"}]}},"_links":{"self":[{"href":"https:\/\/greenunitedpharma.com\/pt-pt\/wp-json\/wp\/v2\/pages\/988","targetHints":{"allow":["GET"]}}],"collection":[{"href":"https:\/\/greenunitedpharma.com\/pt-pt\/wp-json\/wp\/v2\/pages"}],"about":[{"href":"https:\/\/greenunitedpharma.com\/pt-pt\/wp-json\/wp\/v2\/types\/page"}],"author":[{"embeddable":true,"href":"https:\/\/greenunitedpharma.com\/pt-pt\/wp-json\/wp\/v2\/users\/1"}],"replies":[{"embeddable":true,"href":"https:\/\/greenunitedpharma.com\/pt-pt\/wp-json\/wp\/v2\/comments?post=988"}],"version-history":[{"count":10,"href":"https:\/\/greenunitedpharma.com\/pt-pt\/wp-json\/wp\/v2\/pages\/988\/revisions"}],"predecessor-version":[{"id":1030,"href":"https:\/\/greenunitedpharma.com\/pt-pt\/wp-json\/wp\/v2\/pages\/988\/revisions\/1030"}],"wp:attachment":[{"href":"https:\/\/greenunitedpharma.com\/pt-pt\/wp-json\/wp\/v2\/media?parent=988"}],"curies":[{"name":"wp","href":"https:\/\/api.w.org\/{rel}","templated":true}]}}